{"id":135,"date":"2023-09-17T17:16:01","date_gmt":"2023-09-17T15:16:01","guid":{"rendered":"http:\/\/185.164.7.111\/ferienwohnungrief\/wordpress\/?page_id=135"},"modified":"2025-07-28T10:30:57","modified_gmt":"2025-07-28T08:30:57","slug":"stornobedingungen","status":"publish","type":"page","link":"https:\/\/www.ferienwohnung-rief.at\/?page_id=135","title":{"rendered":"Stornobedingungen"},"content":{"rendered":"\n<div style=\"height:37px\" aria-hidden=\"true\" class=\"wp-block-spacer\"><\/div>\n\n\n\n<p class=\"has-text-align-center has-medium-font-size\">Bis sp\u00e4testens 3 Monate vor dem vereinbarten Ankunftstag des Gastes kann der Beherbergungsvertrag ohne Entrichtung einer Stornogeb\u00fchr durch einseitige Erkl\u00e4rung durch den Vertragspartner aufgel\u00f6st werden.<br>Au\u00dferhalb des festgelegten Zeitraums ist ein R\u00fccktritt durch einseitige Erkl\u00e4rung des Vertragspartners nur unter Entrichtung folgender Stornogeb\u00fchren m\u00f6glich:<\/p>\n\n\n\n<div style=\"height:44px\" aria-hidden=\"true\" class=\"wp-block-spacer\"><\/div>\n\n\n\n<p class=\"has-text-align-center has-medium-font-size\">bis 3 Monat vor dem Ankunftstag 40 % vom gesamten Aufenthaltspreises;<br>bis 1 Woche vor dem Ankunftstag 70 % vom gesamten Aufenthaltspreises;<br>in der letzten Woche vor dem Ankunftstag 90 % vom gesamten Aufenthaltspreises.<\/p>\n\n\n\n<div style=\"height:39px\" aria-hidden=\"true\" class=\"wp-block-spacer\"><\/div>\n\n\n\n<p class=\"has-text-align-center has-medium-font-size\">Gar nicht so selten kommt es anders als man denkt und der gebuchte Urlaub muss storniert oder vorzeitig abgebrochen werden.<\/p>\n\n\n\n<p class=\"has-text-align-center has-medium-font-size\">Die damit verbundenen Kosten und den \u00c4rger m\u00f6chten wir Ihnen gerne ersparen. Daher empfehlen wir den Abschluss einer Reiser\u00fccktrittversicherung der Europ\u00e4ischen Reiseversicherung.<\/p>\n\n\n\n<p class=\"has-text-align-center has-medium-font-size\">Hier schlie\u00dfen Sie die Versicherung einfach, schnell und online ab: <a href=\"https:\/\/start.europaeische.at\/hsp&amp;agencyNumber=512241\" data-type=\"link\" data-id=\"https:\/\/start.europaeische.at\/hospl?AGN=512241\">Europ\u00e4ische Reiseversicherung<\/a><\/p>\n","protected":false},"excerpt":{"rendered":"<p>Bis sp\u00e4testens 3 Monate vor dem vereinbarten Ankunftstag des Gastes kann der Beherbergungsvertrag ohne Entrichtung einer Stornogeb\u00fchr durch einseitige Erkl\u00e4rung durch den Vertragspartner aufgel\u00f6st werden.Au\u00dferhalb des festgelegten Zeitraums ist ein R\u00fccktritt durch einseitige Erkl\u00e4rung des Vertragspartners nur unter Entrichtung folgender Stornogeb\u00fchren m\u00f6glich: bis 3 Monat vor dem Ankunftstag 40 % vom gesamten Aufenthaltspreises;bis 1 Woche vor dem Ankunftstag 70 % vom gesamten Aufenthaltspreises;in der letzten Woche vor dem Ankunftstag 90 % vom gesamten Aufenthaltspreises. Gar nicht so selten kommt es anders als man denkt und der gebuchte Urlaub muss storniert oder vorzeitig abgebrochen werden. Die damit verbundenen Kosten und den \u00c4rger m\u00f6chten wir Ihnen gerne ersparen. Daher empfehlen wir den Abschluss einer Reiser\u00fccktrittversicherung der Europ\u00e4ischen Reiseversicherung. Hier schlie\u00dfen Sie die Versicherung einfach, schnell und online ab: Europ\u00e4ische Reiseversicherung<\/p>\n","protected":false},"author":1,"featured_media":0,"parent":0,"menu_order":0,"comment_status":"closed","ping_status":"closed","template":"","meta":{"footnotes":""},"class_list":["post-135","page","type-page","status-publish","hentry"],"_links":{"self":[{"href":"https:\/\/www.ferienwohnung-rief.at\/index.php?rest_route=\/wp\/v2\/pages\/135","targetHints":{"allow":["GET"]}}],"collection":[{"href":"https:\/\/www.ferienwohnung-rief.at\/index.php?rest_route=\/wp\/v2\/pages"}],"about":[{"href":"https:\/\/www.ferienwohnung-rief.at\/index.php?rest_route=\/wp\/v2\/types\/page"}],"author":[{"embeddable":true,"href":"https:\/\/www.ferienwohnung-rief.at\/index.php?rest_route=\/wp\/v2\/users\/1"}],"replies":[{"embeddable":true,"href":"https:\/\/www.ferienwohnung-rief.at\/index.php?rest_route=%2Fwp%2Fv2%2Fcomments&post=135"}],"version-history":[{"count":11,"href":"https:\/\/www.ferienwohnung-rief.at\/index.php?rest_route=\/wp\/v2\/pages\/135\/revisions"}],"predecessor-version":[{"id":539,"href":"https:\/\/www.ferienwohnung-rief.at\/index.php?rest_route=\/wp\/v2\/pages\/135\/revisions\/539"}],"wp:attachment":[{"href":"https:\/\/www.ferienwohnung-rief.at\/index.php?rest_route=%2Fwp%2Fv2%2Fmedia&parent=135"}],"curies":[{"name":"wp","href":"https:\/\/api.w.org\/{rel}","templated":true}]}}