{"id":16,"date":"2023-08-30T20:55:44","date_gmt":"2023-08-30T18:55:44","guid":{"rendered":"http:\/\/185.164.7.111\/ferienwohnungrief\/wordpress\/?page_id=16"},"modified":"2025-08-02T06:30:41","modified_gmt":"2025-08-02T04:30:41","slug":"impressum","status":"publish","type":"page","link":"https:\/\/www.ferienwohnung-rief.at\/?page_id=16","title":{"rendered":"Impressum"},"content":{"rendered":"\n<p class=\"has-text-align-center has-medium-font-size\"><strong>Angaben gem\u00e4\u00df \u00a75 TMG<\/strong><\/p>\n\n\n\n<p class=\"has-text-align-center has-small-font-size\"><strong>Ferienwohnung Rief<\/strong><br>Jennifer Pachinger<\/p>\n\n\n\n<p class=\"has-text-align-center has-small-font-size\"><strong>Postanschrift<\/strong><br>Berg 9a<br>A &#8211; 6675 Tannheim<\/p>\n\n\n\n<p class=\"has-text-align-center has-small-font-size\"><strong>Kontakt:<\/strong><br>Telefon: +43 676 4186170<br>E-Mail: info@ferienwohnung-rief@.at<br>Web: www.ferienwohung-rief.at<\/p>\n\n\n\n<p class=\"has-text-align-center\"><\/p>\n\n\n\n<p class=\"has-text-align-center has-medium-font-size\"><strong>Urheberrechtliche Hinweise:<\/strong><\/p>\n\n\n\n<p class=\"has-text-align-center has-small-font-size\">Jennifer Pachinger<\/p>\n\n\n\n<p class=\"has-text-align-center has-medium-font-size\"><strong>Information gem\u00e4\u00df $36 VSBG<\/strong><\/p>\n\n\n\n<p class=\"has-text-align-center has-small-font-size\">Gem\u00e4\u00df \u00a7 36 VSBG (Verbraucherstreitbeilegungsgesetz \u2013 Gesetz \u00fcber die alternative Streitbeilegung in Verbrauchersachen) <br>erkl\u00e4rt der Betreiber dieser Website:<\/p>\n\n\n\n<p class=\"has-text-align-center has-small-font-size\">Wir sind weder bereit noch verpflichtet, an Streitbeilegungsverfahren vor einer Verbraucherschlichtungsstelle teilzunehmen.<\/p>\n","protected":false},"excerpt":{"rendered":"<p>Angaben gem\u00e4\u00df \u00a75 TMG Ferienwohnung RiefJennifer Pachinger PostanschriftBerg 9aA &#8211; 6675 Tannheim Kontakt:Telefon: +43 676 4186170E-Mail: info@ferienwohnung-rief@.atWeb: www.ferienwohung-rief.at Urheberrechtliche Hinweise: Jennifer Pachinger Information gem\u00e4\u00df $36 VSBG Gem\u00e4\u00df \u00a7 36 VSBG (Verbraucherstreitbeilegungsgesetz \u2013 Gesetz \u00fcber die alternative Streitbeilegung in Verbrauchersachen) erkl\u00e4rt der Betreiber dieser Website: Wir sind weder bereit noch verpflichtet, an Streitbeilegungsverfahren vor einer Verbraucherschlichtungsstelle teilzunehmen.<\/p>\n","protected":false},"author":1,"featured_media":0,"parent":0,"menu_order":0,"comment_status":"closed","ping_status":"closed","template":"","meta":{"footnotes":""},"class_list":["post-16","page","type-page","status-publish","hentry"],"_links":{"self":[{"href":"https:\/\/www.ferienwohnung-rief.at\/index.php?rest_route=\/wp\/v2\/pages\/16","targetHints":{"allow":["GET"]}}],"collection":[{"href":"https:\/\/www.ferienwohnung-rief.at\/index.php?rest_route=\/wp\/v2\/pages"}],"about":[{"href":"https:\/\/www.ferienwohnung-rief.at\/index.php?rest_route=\/wp\/v2\/types\/page"}],"author":[{"embeddable":true,"href":"https:\/\/www.ferienwohnung-rief.at\/index.php?rest_route=\/wp\/v2\/users\/1"}],"replies":[{"embeddable":true,"href":"https:\/\/www.ferienwohnung-rief.at\/index.php?rest_route=%2Fwp%2Fv2%2Fcomments&post=16"}],"version-history":[{"count":9,"href":"https:\/\/www.ferienwohnung-rief.at\/index.php?rest_route=\/wp\/v2\/pages\/16\/revisions"}],"predecessor-version":[{"id":572,"href":"https:\/\/www.ferienwohnung-rief.at\/index.php?rest_route=\/wp\/v2\/pages\/16\/revisions\/572"}],"wp:attachment":[{"href":"https:\/\/www.ferienwohnung-rief.at\/index.php?rest_route=%2Fwp%2Fv2%2Fmedia&parent=16"}],"curies":[{"name":"wp","href":"https:\/\/api.w.org\/{rel}","templated":true}]}}