{"id":3,"date":"2023-08-30T20:48:22","date_gmt":"2023-08-30T18:48:22","guid":{"rendered":"http:\/\/185.164.7.111\/ferienwohnungrief\/wordpress\/?page_id=3"},"modified":"2025-08-02T06:29:36","modified_gmt":"2025-08-02T04:29:36","slug":"datenschutzerklaerung","status":"publish","type":"page","link":"https:\/\/www.ferienwohnung-rief.at\/?page_id=3","title":{"rendered":"Datenschutzerkl\u00e4rung"},"content":{"rendered":"\n<p class=\"has-text-align-center\">Der Schutz Ihrer pers\u00f6nlichen Daten ist uns ein besonderes Anliegen. Wir verarbeiten Ihre Daten daher ausschlie\u00dflich auf Grundlage der gesetzlichen Bestimmungen (DSGVO, TKG 2003). In diesen Datenschutzinformationen informieren wir Sie \u00fcber die wichtigsten Aspekte der Datenverarbeitung im Rahmen unserer Website.&nbsp;<\/p>\n\n\n\n<p class=\"has-text-align-center\"><strong>Kontakt mit uns<\/strong><\/p>\n\n\n\n<p class=\"has-text-align-center\">Wenn Sie per Formular auf der Website oder per E-Mail Kontakt mit uns aufnehmen, werden Ihre angegebenen Daten zwecks Bearbeitung der Anfrage und f\u00fcr den Fall von Anschlussfragen sechs Monate bei uns gespeichert. Diese Daten geben wir nicht ohne Ihre Einwilligung weiter.&nbsp;<\/p>\n\n\n\n<p class=\"has-text-align-center\"><strong>Cookies<\/strong><\/p>\n\n\n\n<p class=\"has-text-align-center\">Unsere Website verwendet sogenannte Cookies. Dabei handelt es sich um kleine Textdateien, die mit Hilfe des Browsers auf Ihrem Endger\u00e4t abgelegt werden. Sie richten keinen Schaden an.&nbsp;<\/p>\n\n\n\n<p class=\"has-text-align-center\"><strong>Notwendige Cookies<\/strong><\/p>\n\n\n\n<p class=\"has-text-align-center\">Session Cookies sind technisch notwendig, um bei zustandslosen Protokollen wie HTTP mehrere zusammengeh\u00f6rige Anfragen eines Benutzers erkennen und einer Sitzung zuordnen zu k\u00f6nnen.&nbsp;<\/p>\n\n\n\n<p class=\"has-text-align-center\">Auch Ihre Cookie-Einstellungen werden in einem Cookie gespeichert.<\/p>\n\n\n\n<p class=\"has-text-align-center\"><strong>Cookies f\u00fcr Funktionalit\u00e4t<\/strong><\/p>\n\n\n\n<p class=\"has-text-align-center\">Wir nutzen externe Dienste um unser Angebot zu erweitern. Auch diese Dienste ben\u00f6tigen in den meisten F\u00e4llen Cookies, um einwandfrei funktionieren zu k\u00f6nnen.<\/p>\n\n\n\n<p class=\"has-text-align-center\"><strong>\u00dcbermittlung an Dritte \/ Verpflichtungen von Auftragsverarbeitern<\/strong><\/p>\n\n\n\n<p class=\"has-text-align-center\">Ihre personenbezogenen Daten werden von uns unter Umst\u00e4nden unter Ber\u00fccksichtigung der zul\u00e4ssigen Verwendungszwecke, an Auftragsverarbeiter \u00fcbermittelt (z.B. f\u00fcr das gesetzliche Meldewesen, f\u00fcr die Verarbeitung Ihrer Online-Buchung oder unsere elektronische Werbung in Form von Newslettern), welche f\u00fcr die Erbringung der von Ihnen gew\u00fcnschten Dienstleistungen beigezogen werden m\u00fcssen, die sich alle zur Einhaltung der geltenden Datenschutz-Standards verpflichtet haben. Kontaktieren Sie uns bitte f\u00fcr weitere Informationen.<\/p>\n\n\n\n<p class=\"has-text-align-center\"><strong>Ihre Rechte<\/strong><\/p>\n\n\n\n<p class=\"has-text-align-center\">Ihnen stehen grunds\u00e4tzlich die Rechte auf Auskunft, Berichtigung, L\u00f6schung, Einschr\u00e4nkung, Daten\u00fcbertragbarkeit, Widerruf und Widerspruch zu.<\/p>\n\n\n\n<p class=\"has-text-align-center\"><strong>Bitte wenden Sie sich bei Fragen an unsere Kontaktperson f\u00fcr Datenschutzbelange:<\/strong><\/p>\n\n\n\n<p class=\"has-text-align-center\">Ferienwohnung Rief:<\/p>\n\n\n\n<p class=\"has-text-align-center\">Inhaber: Jennifer Pachinger<br>Berg &nbsp;9a<br>6675 Tannheim<\/p>\n\n\n\n<p class=\"has-text-align-center\">Tirol \/ \u00d6sterreich<\/p>\n\n\n\n<p class=\"has-text-align-center\"><br>Telefon: +43 676 4186170<br><a href=\"mailto:info@ferienwohnung-rief.at\">info@ferienwohnung-rief.at<\/a><a href=\"https:\/\/www.ferienwohnung-rief.at\/\"> <\/a><\/p>\n\n\n\n<p class=\"has-text-align-center\"><a href=\"https:\/\/www.ferienwohnung-rief.at\/\">https:\/\/www.ferienwohnung-rief.at<\/a><\/p>\n\n\n\n<p class=\"has-text-align-center\">Wenn Sie glauben, dass die Verarbeitung Ihrer Daten gegen das Datenschutzrecht verst\u00f6\u00dft oder Ihre datenschutzrechtlichen Anspr\u00fcche sonst in einer Weise verletzt worden sind, k\u00f6nnen Sie sich auch bei der Aufsichtsbeh\u00f6rde beschweren.<\/p>\n\n\n\n<p class=\"has-text-align-center\">&nbsp;<strong>Aufsichtsbeh\u00f6rde f\u00fcr die Einhaltung der Datenschutzvorschriften in \u00d6sterreich:<\/strong><br><strong>\u00d6sterreichische Datenschutzbeh\u00f6rde<\/strong><br><strong>Barichgasse 40-42<\/strong><br><strong>1030 Wien<\/strong><br><strong>\u00d6sterreich<\/strong><br><strong>Telefon: +43153115202525<\/strong><br><strong>E-Mail:&nbsp;<\/strong><strong><a href=\"mailto:dsb@dsb.gv.at\">dsb@dsb.gv.at<\/a><\/strong><br><strong>Website:&nbsp;<\/strong><strong><a href=\"http:\/\/www.dsb.gv.at\/\" target=\"_blank\" rel=\"noreferrer noopener\">http:\/\/www.dsb.gv.at\/<\/a><\/strong><\/p>\n\n\n\n<p><\/p>\n","protected":false},"excerpt":{"rendered":"<p>Der Schutz Ihrer pers\u00f6nlichen Daten ist uns ein besonderes Anliegen. Wir verarbeiten Ihre Daten daher ausschlie\u00dflich auf Grundlage der gesetzlichen Bestimmungen (DSGVO, TKG 2003). In diesen Datenschutzinformationen informieren wir Sie \u00fcber die wichtigsten Aspekte der Datenverarbeitung im Rahmen unserer Website.&nbsp; Kontakt mit uns Wenn Sie per Formular auf der Website oder per E-Mail Kontakt mit uns aufnehmen, werden Ihre angegebenen Daten zwecks Bearbeitung der Anfrage und f\u00fcr den Fall von Anschlussfragen sechs Monate bei uns gespeichert. Diese Daten geben wir nicht ohne Ihre Einwilligung weiter.&nbsp; Cookies Unsere Website verwendet sogenannte Cookies. Dabei handelt es sich um kleine Textdateien, die mit Hilfe des Browsers auf Ihrem Endger\u00e4t abgelegt werden. Sie richten keinen Schaden an.&nbsp; Notwendige Cookies Session Cookies sind technisch notwendig, um bei zustandslosen Protokollen wie HTTP mehrere zusammengeh\u00f6rige Anfragen eines Benutzers erkennen und einer Sitzung zuordnen zu k\u00f6nnen.&nbsp; Auch Ihre Cookie-Einstellungen werden in einem Cookie gespeichert. Cookies f\u00fcr Funktionalit\u00e4t Wir nutzen externe Dienste um unser Angebot zu erweitern. Auch diese Dienste ben\u00f6tigen in den meisten F\u00e4llen Cookies, um einwandfrei funktionieren zu k\u00f6nnen. \u00dcbermittlung an Dritte \/ Verpflichtungen von Auftragsverarbeitern Ihre personenbezogenen Daten werden von uns unter Umst\u00e4nden unter Ber\u00fccksichtigung der zul\u00e4ssigen Verwendungszwecke, an Auftragsverarbeiter \u00fcbermittelt (z.B. f\u00fcr das gesetzliche Meldewesen, f\u00fcr die Verarbeitung Ihrer Online-Buchung oder unsere elektronische Werbung in Form von Newslettern), welche f\u00fcr die Erbringung der von Ihnen gew\u00fcnschten Dienstleistungen beigezogen werden m\u00fcssen, die sich alle zur Einhaltung der geltenden Datenschutz-Standards verpflichtet haben. Kontaktieren Sie uns bitte f\u00fcr weitere Informationen. Ihre Rechte Ihnen stehen grunds\u00e4tzlich die Rechte auf Auskunft, Berichtigung, L\u00f6schung, Einschr\u00e4nkung, Daten\u00fcbertragbarkeit, Widerruf und Widerspruch zu. Bitte wenden Sie sich bei Fragen an unsere Kontaktperson f\u00fcr Datenschutzbelange: Ferienwohnung Rief: Inhaber: Jennifer PachingerBerg &nbsp;9a6675 Tannheim Tirol \/ \u00d6sterreich Telefon: +43 676 4186170info@ferienwohnung-rief.at https:\/\/www.ferienwohnung-rief.at Wenn Sie glauben, dass die Verarbeitung Ihrer Daten gegen das Datenschutzrecht verst\u00f6\u00dft oder Ihre datenschutzrechtlichen Anspr\u00fcche sonst in einer Weise verletzt worden sind, k\u00f6nnen Sie sich auch bei der Aufsichtsbeh\u00f6rde beschweren. &nbsp;Aufsichtsbeh\u00f6rde f\u00fcr die Einhaltung der Datenschutzvorschriften in \u00d6sterreich:\u00d6sterreichische Datenschutzbeh\u00f6rdeBarichgasse 40-421030 Wien\u00d6sterreichTelefon: +43153115202525E-Mail:&nbsp;dsb@dsb.gv.atWebsite:&nbsp;http:\/\/www.dsb.gv.at\/<\/p>\n","protected":false},"author":1,"featured_media":0,"parent":0,"menu_order":0,"comment_status":"closed","ping_status":"closed","template":"","meta":{"footnotes":""},"class_list":["post-3","page","type-page","status-publish","hentry"],"_links":{"self":[{"href":"https:\/\/www.ferienwohnung-rief.at\/index.php?rest_route=\/wp\/v2\/pages\/3","targetHints":{"allow":["GET"]}}],"collection":[{"href":"https:\/\/www.ferienwohnung-rief.at\/index.php?rest_route=\/wp\/v2\/pages"}],"about":[{"href":"https:\/\/www.ferienwohnung-rief.at\/index.php?rest_route=\/wp\/v2\/types\/page"}],"author":[{"embeddable":true,"href":"https:\/\/www.ferienwohnung-rief.at\/index.php?rest_route=\/wp\/v2\/users\/1"}],"replies":[{"embeddable":true,"href":"https:\/\/www.ferienwohnung-rief.at\/index.php?rest_route=%2Fwp%2Fv2%2Fcomments&post=3"}],"version-history":[{"count":7,"href":"https:\/\/www.ferienwohnung-rief.at\/index.php?rest_route=\/wp\/v2\/pages\/3\/revisions"}],"predecessor-version":[{"id":571,"href":"https:\/\/www.ferienwohnung-rief.at\/index.php?rest_route=\/wp\/v2\/pages\/3\/revisions\/571"}],"wp:attachment":[{"href":"https:\/\/www.ferienwohnung-rief.at\/index.php?rest_route=%2Fwp%2Fv2%2Fmedia&parent=3"}],"curies":[{"name":"wp","href":"https:\/\/api.w.org\/{rel}","templated":true}]}}