{"id":6,"date":"2023-08-30T20:54:01","date_gmt":"2023-08-30T18:54:01","guid":{"rendered":"http:\/\/185.164.7.111\/ferienwohnungrief\/wordpress\/?page_id=6"},"modified":"2025-08-02T06:31:42","modified_gmt":"2025-08-02T04:31:42","slug":"startseite","status":"publish","type":"page","link":"https:\/\/www.ferienwohnung-rief.at\/","title":{"rendered":"Herzlich Willkommen"},"content":{"rendered":"\n<div style=\"height:43px\" aria-hidden=\"true\" class=\"wp-block-spacer\"><\/div>\n\n\n\n<p class=\"has-text-align-center\" style=\"font-size:17px\">Genie\u00dfen Sie einen entspannten und erholsamen Urlaub in unserem liebevoll gef\u00fchrten Haus in traumhafter Lage.<br>Unser Haus befindet sich im sonnigen und ruhigen Ortsteil <em>Berg<\/em>, umgeben von einer beeindruckenden Bergkulisse \u2013 ein idealer Ausgangspunkt f\u00fcr Naturgenuss, Wanderungen und Erholung.<\/p>\n\n\n\n<p class=\"has-text-align-center\" style=\"font-size:17px\">Das Ortszentrum erreichen Sie bequem zu Fu\u00df in etwa zw\u00f6lf Minuten.<\/p>\n\n\n\n<p class=\"has-text-align-center\" style=\"font-size:17px\">In der Umgebung erwarten Sie mehrere Bergbahnen, die Sie direkt in die alpine Erlebniswelt bringen.<br>Der Haldensee, nur 5,6 km entfernt, bietet im Sommer Badespa\u00df und im Winter Eislaufvergn\u00fcgen \u2013 ein Paradies f\u00fcr Naturliebhaber.<\/p>\n\n\n\n<p class=\"has-text-align-center\" style=\"font-size:17px\"> Wir freuen uns darauf, Sie pers\u00f6nlich als unsere G\u00e4ste begr\u00fc\u00dfen zu d\u00fcrfen und w\u00fcnschen Ihnen schon jetzt einen angenehmen Aufenthalt.<\/p>\n\n\n\n<div style=\"height:13px\" aria-hidden=\"true\" class=\"wp-block-spacer\"><\/div>\n\n\n\n<p class=\"has-text-align-center\" style=\"font-size:17px\"><strong>Ihre Familie Rief \/ Pachinger<\/strong><\/p>\n\n\n\n<div style=\"height:62px\" aria-hidden=\"true\" class=\"wp-block-spacer\"><\/div>\n\n\n<div class=\"wp-block-image\">\n<figure class=\"aligncenter size-full is-resized\"><img loading=\"lazy\" decoding=\"async\" width=\"512\" height=\"313\" src=\"http:\/\/www.ferienwohnung-rief.at\/wp-content\/uploads\/2024\/04\/ion.png\" alt=\"\" class=\"wp-image-367\" style=\"width:304px;height:auto\"\/><\/figure><\/div>\n\n\n<div style=\"height:87px\" aria-hidden=\"true\" class=\"wp-block-spacer\"><\/div>\n\n\n\n<div class=\"wp-block-group is-vertical is-content-justification-center is-layout-flex wp-container-core-group-is-layout-48c2c4f0 wp-block-group-is-layout-flex\">\n<p class=\"has-text-align-center\" style=\"font-size:22px\">Wir freuen uns, unseren G\u00e4sten mitteilen zu d\u00fcrfen,<\/p>\n\n\n\n<p class=\"has-text-align-center\" style=\"font-size:22px\">dass unsere Ferienwohnung vom <\/p>\n\n\n\n<p class=\"has-text-align-center\" style=\"font-size:22px\">&#8222;Landesverband der Privatzimmervermietung Tirol&#8220; <\/p>\n\n\n\n<p class=\"has-text-align-center\" style=\"font-size:22px\">mit der Kategorie <\/p>\n\n\n\n<p class=\"has-text-align-center\" style=\"font-size:22px\"><strong>&#8222;4 Edelwei\u00df&#8220; <\/strong><\/p>\n\n\n\n<p class=\"has-text-align-center\" style=\"font-size:22px\">ausgezeichnet wurde.<\/p>\n<\/div>\n\n\n\n<div style=\"height:52px\" aria-hidden=\"true\" class=\"wp-block-spacer\"><\/div>\n\n\n<div class=\"wp-block-image\">\n<figure class=\"aligncenter size-full is-resized\"><img loading=\"lazy\" decoding=\"async\" width=\"520\" height=\"640\" src=\"http:\/\/www.ferienwohnung-rief.at\/wp-content\/uploads\/2024\/04\/Alpine-Gastgeber_Edelweis-Badge_4-1.jpg\" alt=\"\" class=\"wp-image-373\" style=\"width:189px;height:auto\"\/><\/figure><\/div>\n\n\n<div style=\"height:100px\" aria-hidden=\"true\" class=\"wp-block-spacer\"><\/div>\n\n\n\n<figure class=\"wp-block-gallery has-nested-images columns-default is-cropped wp-block-gallery-1 is-layout-flex wp-block-gallery-is-layout-flex\">\n<figure class=\"wp-block-image size-large\"><img decoding=\"async\" src=\"https:\/\/www.ferienwohnung-rief.at\/wp-content\/uploads\/2023\/09\/IMG_6026-2.jpg\" alt=\"\"\/><figcaption class=\"wp-element-caption\">&nbsp;\u00a9 Ferienwohnung Rief <\/figcaption><\/figure>\n\n\n\n<figure class=\"wp-block-image size-large\"><img decoding=\"async\" src=\"https:\/\/www.ferienwohnung-rief.at\/wp-content\/uploads\/2023\/09\/l-2.jpg\" alt=\"\"\/><figcaption class=\"wp-element-caption\">&nbsp;\u00a9 Ferienwohnung Rief <\/figcaption><\/figure>\n\n\n\n<figure class=\"wp-block-image size-large\"><img decoding=\"async\" src=\"https:\/\/www.ferienwohnung-rief.at\/wp-content\/uploads\/2023\/09\/IMG_6027-2-2.jpg\" alt=\"\"\/><figcaption class=\"wp-element-caption\">&nbsp;\u00a9 Ferienwohnung Rief <\/figcaption><\/figure>\n<\/figure>\n\n\n\n<div style=\"height:36px\" aria-hidden=\"true\" class=\"wp-block-spacer\"><\/div>\n\n\n<div class=\"wp-block-image\">\n<figure class=\"aligncenter size-full is-resized\"><img loading=\"lazy\" decoding=\"async\" width=\"512\" height=\"313\" src=\"http:\/\/www.ferienwohnung-rief.at\/wp-content\/uploads\/2024\/04\/ion.png\" alt=\"\" class=\"wp-image-367\" style=\"width:128px;height:auto\"\/><\/figure><\/div>\n\n\n<div style=\"height:9px\" aria-hidden=\"true\" class=\"wp-block-spacer\"><\/div>\n\n\n<div class=\"wp-block-image\">\n<figure class=\"aligncenter size-full is-resized\"><img loading=\"lazy\" decoding=\"async\" width=\"520\" height=\"137\" src=\"http:\/\/www.ferienwohnung-rief.at\/wp-content\/uploads\/2024\/04\/54.jpg\" alt=\"\" class=\"wp-image-363\" style=\"width:95px;height:auto\"\/><figcaption class=\"wp-element-caption\"><br><\/figcaption><\/figure><\/div>\n\n\n<p class=\"has-text-align-center\" style=\"font-size:22px\"><strong>Ferienwohnung Rief<\/strong><\/p>\n\n\n\n<p class=\"has-text-align-center\">Familie Rief \/ Pachinger <\/p>\n\n\n\n<p class=\"has-text-align-center\">Berg 9 <\/p>\n\n\n\n<p class=\"has-text-align-center\">A-6675 Tannheim<\/p>\n\n\n\n<p class=\"has-text-align-center\">+43 676 4186170 <\/p>\n\n\n\n<ul class=\"wp-block-social-links is-content-justification-center is-layout-flex wp-container-core-social-links-is-layout-16018d1d wp-block-social-links-is-layout-flex\"><li class=\"wp-social-link wp-social-link-whatsapp  wp-block-social-link\"><a href=\"https:\/\/wa.me\/6764186170\" class=\"wp-block-social-link-anchor\"><svg width=\"24\" height=\"24\" viewBox=\"0 0 24 24\" version=\"1.1\" xmlns=\"http:\/\/www.w3.org\/2000\/svg\" aria-hidden=\"true\" focusable=\"false\"><path d=\"M 12.011719 2 C 6.5057187 2 2.0234844 6.478375 2.0214844 11.984375 C 2.0204844 13.744375 2.4814687 15.462563 3.3554688 16.976562 L 2 22 L 7.2324219 20.763672 C 8.6914219 21.559672 10.333859 21.977516 12.005859 21.978516 L 12.009766 21.978516 C 17.514766 21.978516 21.995047 17.499141 21.998047 11.994141 C 22.000047 9.3251406 20.962172 6.8157344 19.076172 4.9277344 C 17.190172 3.0407344 14.683719 2.001 12.011719 2 z M 12.009766 4 C 14.145766 4.001 16.153109 4.8337969 17.662109 6.3417969 C 19.171109 7.8517969 20.000047 9.8581875 19.998047 11.992188 C 19.996047 16.396187 16.413812 19.978516 12.007812 19.978516 C 10.674812 19.977516 9.3544062 19.642812 8.1914062 19.007812 L 7.5175781 18.640625 L 6.7734375 18.816406 L 4.8046875 19.28125 L 5.2851562 17.496094 L 5.5019531 16.695312 L 5.0878906 15.976562 C 4.3898906 14.768562 4.0204844 13.387375 4.0214844 11.984375 C 4.0234844 7.582375 7.6067656 4 12.009766 4 z M 8.4765625 7.375 C 8.3095625 7.375 8.0395469 7.4375 7.8105469 7.6875 C 7.5815469 7.9365 6.9355469 8.5395781 6.9355469 9.7675781 C 6.9355469 10.995578 7.8300781 12.182609 7.9550781 12.349609 C 8.0790781 12.515609 9.68175 15.115234 12.21875 16.115234 C 14.32675 16.946234 14.754891 16.782234 15.212891 16.740234 C 15.670891 16.699234 16.690438 16.137687 16.898438 15.554688 C 17.106437 14.971687 17.106922 14.470187 17.044922 14.367188 C 16.982922 14.263188 16.816406 14.201172 16.566406 14.076172 C 16.317406 13.951172 15.090328 13.348625 14.861328 13.265625 C 14.632328 13.182625 14.464828 13.140625 14.298828 13.390625 C 14.132828 13.640625 13.655766 14.201187 13.509766 14.367188 C 13.363766 14.534188 13.21875 14.556641 12.96875 14.431641 C 12.71875 14.305641 11.914938 14.041406 10.960938 13.191406 C 10.218937 12.530406 9.7182656 11.714844 9.5722656 11.464844 C 9.4272656 11.215844 9.5585938 11.079078 9.6835938 10.955078 C 9.7955938 10.843078 9.9316406 10.663578 10.056641 10.517578 C 10.180641 10.371578 10.223641 10.267562 10.306641 10.101562 C 10.389641 9.9355625 10.347156 9.7890625 10.285156 9.6640625 C 10.223156 9.5390625 9.737625 8.3065 9.515625 7.8125 C 9.328625 7.3975 9.131125 7.3878594 8.953125 7.3808594 C 8.808125 7.3748594 8.6425625 7.375 8.4765625 7.375 z\"><\/path><\/svg><span class=\"wp-block-social-link-label screen-reader-text\">WhatsApp<\/span><\/a><\/li>\n\n<li class=\"wp-social-link wp-social-link-mail  wp-block-social-link\"><a href=\"mailto:&#105;nf&#111;&#064;feri&#101;nwohn&#117;&#110;g&#045;&#114;&#105;ef.&#097;t\" class=\"wp-block-social-link-anchor\"><svg width=\"24\" height=\"24\" viewBox=\"0 0 24 24\" version=\"1.1\" xmlns=\"http:\/\/www.w3.org\/2000\/svg\" aria-hidden=\"true\" focusable=\"false\"><path d=\"M19,5H5c-1.1,0-2,.9-2,2v10c0,1.1.9,2,2,2h14c1.1,0,2-.9,2-2V7c0-1.1-.9-2-2-2zm.5,12c0,.3-.2.5-.5.5H5c-.3,0-.5-.2-.5-.5V9.8l7.5,5.6,7.5-5.6V17zm0-9.1L12,13.6,4.5,7.9V7c0-.3.2-.5.5-.5h14c.3,0,.5.2.5.5v.9z\"><\/path><\/svg><span class=\"wp-block-social-link-label screen-reader-text\">Mail<\/span><\/a><\/li><\/ul>\n\n\n\n<div class=\"wp-block-buttons is-content-justification-center is-layout-flex wp-container-core-buttons-is-layout-16018d1d wp-block-buttons-is-layout-flex\">\n<div class=\"wp-block-button is-style-outline is-style-outline--2\"><a class=\"wp-block-button__link has-text-align-center has-custom-font-size wp-element-button\" href=\"https:\/\/www.ferienwohnung-rief.at\/?page_id=3\" style=\"font-size:13px\">Datenschutzerkl\u00e4rung<\/a><\/div>\n\n\n\n<div class=\"wp-block-button is-style-outline is-style-outline--3\"><a class=\"wp-block-button__link has-text-align-center has-custom-font-size wp-element-button\" href=\"https:\/\/www.ferienwohnung-rief.at\/?page_id=16\" style=\"font-size:13px\">Impressum<\/a><\/div>\n<\/div>\n\n\n\n<p><\/p>\n","protected":false},"excerpt":{"rendered":"<p>Genie\u00dfen Sie einen entspannten und erholsamen Urlaub in unserem liebevoll gef\u00fchrten Haus in traumhafter Lage.Unser Haus befindet sich im sonnigen und ruhigen Ortsteil Berg, umgeben von einer beeindruckenden Bergkulisse \u2013 ein idealer Ausgangspunkt f\u00fcr Naturgenuss, Wanderungen und Erholung. Das Ortszentrum erreichen Sie bequem zu Fu\u00df in etwa zw\u00f6lf Minuten. In der Umgebung erwarten Sie mehrere Bergbahnen, die Sie direkt in die alpine Erlebniswelt bringen.Der Haldensee, nur 5,6 km entfernt, bietet im Sommer Badespa\u00df und im Winter Eislaufvergn\u00fcgen \u2013 ein Paradies f\u00fcr Naturliebhaber. Wir freuen uns darauf, Sie pers\u00f6nlich als unsere G\u00e4ste begr\u00fc\u00dfen zu d\u00fcrfen und w\u00fcnschen Ihnen schon jetzt einen angenehmen Aufenthalt. Ihre Familie Rief \/ Pachinger Wir freuen uns, unseren G\u00e4sten mitteilen zu d\u00fcrfen, dass unsere Ferienwohnung vom &#8222;Landesverband der Privatzimmervermietung Tirol&#8220; mit der Kategorie &#8222;4 Edelwei\u00df&#8220; ausgezeichnet wurde. Ferienwohnung Rief Familie Rief \/ Pachinger Berg 9 A-6675 Tannheim +43 676 4186170<\/p>\n","protected":false},"author":1,"featured_media":0,"parent":0,"menu_order":0,"comment_status":"closed","ping_status":"closed","template":"","meta":{"footnotes":""},"class_list":["post-6","page","type-page","status-publish","hentry"],"_links":{"self":[{"href":"https:\/\/www.ferienwohnung-rief.at\/index.php?rest_route=\/wp\/v2\/pages\/6","targetHints":{"allow":["GET"]}}],"collection":[{"href":"https:\/\/www.ferienwohnung-rief.at\/index.php?rest_route=\/wp\/v2\/pages"}],"about":[{"href":"https:\/\/www.ferienwohnung-rief.at\/index.php?rest_route=\/wp\/v2\/types\/page"}],"author":[{"embeddable":true,"href":"https:\/\/www.ferienwohnung-rief.at\/index.php?rest_route=\/wp\/v2\/users\/1"}],"replies":[{"embeddable":true,"href":"https:\/\/www.ferienwohnung-rief.at\/index.php?rest_route=%2Fwp%2Fv2%2Fcomments&post=6"}],"version-history":[{"count":97,"href":"https:\/\/www.ferienwohnung-rief.at\/index.php?rest_route=\/wp\/v2\/pages\/6\/revisions"}],"predecessor-version":[{"id":573,"href":"https:\/\/www.ferienwohnung-rief.at\/index.php?rest_route=\/wp\/v2\/pages\/6\/revisions\/573"}],"wp:attachment":[{"href":"https:\/\/www.ferienwohnung-rief.at\/index.php?rest_route=%2Fwp%2Fv2%2Fmedia&parent=6"}],"curies":[{"name":"wp","href":"https:\/\/api.w.org\/{rel}","templated":true}]}}