{"id":8,"date":"2023-08-30T20:54:22","date_gmt":"2023-08-30T18:54:22","guid":{"rendered":"http:\/\/185.164.7.111\/ferienwohnungrief\/wordpress\/?page_id=8"},"modified":"2026-05-03T21:48:56","modified_gmt":"2026-05-03T19:48:56","slug":"ferienwohnung","status":"publish","type":"page","link":"https:\/\/www.ferienwohnung-rief.at\/?page_id=8","title":{"rendered":"Ferienwohnung"},"content":{"rendered":"\n<div style=\"height:53px\" aria-hidden=\"true\" class=\"wp-block-spacer\"><\/div>\n\n\n\n <div class=\"eb-categories\"><\/div>\n <script src=\"https:\/\/www.easy-booking.at\/ebPlugins\/categories_v2\/jquery.easybooking.categories.js\"><\/script>\n <script type=\"text\/javascript\">\n \tfunction ebCategoriesLoadedCheck() {\n \t\tif (typeof jQuery != \"undefined\") {\n \t\t\tvar data = ({\n \t\t\t\tcustomerId: 11550,\n \t\t\t\tserialNo: \"1793-5421-1729\",\n \t\t\t\tlocaleId: 2,\n \t\t\t\tlocaleName: \"de\",\n \t\t\t\ttemplateId: 1,\n \t\t\t\ttemplateURL: \"\/\/easy-booking.at\/ebPlugins\/categories_v2\/tpl\/1\/index.html\",\n \t\t\t\tmaxImgWidth: 960,\n \t\t\t\tmaxImgHeight: 620,\n \t\t\t\tminImgHeight: 500,\n \t\t\t\tbookingPage: {\n \t\t\t\t\turl: \"http:\/\/www.demohotel.easybooking.at\/direkt-buchen\/\",\n \t\t\t\t\tstyle: \"content\"\n \t\t\t\t},\n \t\t\t\tenquiryPage: {\n \t\t\t\t\turl: \"http:\/\/www.demohotel.easybooking.at\/direkt-buchen\/\",\n \t\t\t\t\tstyle: \"content\"\n \t\t\t\t},\n \t\t\t\tshowAvailability: true,\n \t\t\t\tshowPrices: true,\n \t\t\t\tshowDetails: true,\n \t\t\t\tshowDescription: true,\n \t\t\t\tshowPlan: true,\n \t\t\t\tcategory: \"all\",\n \t\t\t\troomLevel: false,\n \t\t\t\troom: \"all\",\n \t\t\t\troomSorting: \"random\",\n \t\t\t\tshowFilter: true,\n \t\t\t\tlocales: [{\n \t\t\t\t\ten: {\n \t\t\t\t\t\tfor: \"for\",\n \t\t\t\t\t\tpersons: \"persons\",\n \t\t\t\t\t\tfrom: \"from\",\n \t\t\t\t\t\tperPerson: \"per person\",\n \t\t\t\t\t\tdescription: \"Description\",\n \t\t\t\t\t\tdetails: \"Details\",\n \t\t\t\t\t\tprice: \"Price\",\n \t\t\t\t\t\tavailability: \"Availability\",\n \t\t\t\t\t\tlayout: \"Layout\",\n \t\t\t\t\t\trequest: \"Request\",\n \t\t\t\t\t\tbooking: \"Booking\",\n \t\t\t\t\t\tallRooms: \"Show all rooms\"\n \t\t\t\t\t},\n \t\t\t\t\tde: {\n \t\t\t\t\t\tfor: \"f\u00fcr\",\n \t\t\t\t\t\tpersons: \"Personen\",\n \t\t\t\t\t\tfrom: \"ab\",\n \t\t\t\t\t\tperPerson: \"pro Person\",\n \t\t\t\t\t\tdescription: \"Beschreibung\",\n \t\t\t\t\t\tdetails: \"Ausstattung\",\n \t\t\t\t\t\tprice: \"Preise\",\n \t\t\t\t\t\tavailability: \"Kalender\",\n \t\t\t\t\t\tlayout: \"Grundriss\",\n \t\t\t\t\t\trequest: \"Anfragen\",\n \t\t\t\t\t\tbooking: \"Buchen\",\n \t\t\t\t\t\t\n \t\t\t\t\t}\n \t\t\t\t\t}],\n \t\t\t\t\t\n \t\t\t});\n \t\t\tloadCategories(data);\n \t\t} else {\n \t\t\tsetTimeout(ebCategoriesLoadedCheck, 200);\n \t\t}\n \t}\n \tebCategoriesLoadedCheck();\n <\/script> \n\n\n\n<div style=\"height:100px\" aria-hidden=\"true\" class=\"wp-block-spacer\"><\/div>\n\n\n\n<div class=\"wp-block-columns is-layout-flex wp-container-core-columns-is-layout-9d6595d7 wp-block-columns-is-layout-flex\">\n<div class=\"wp-block-column is-layout-flow wp-block-column-is-layout-flow\">\n<h2 class=\"wp-block-heading\">Ausstattung<\/h2>\n\n\n\n<p class=\"has-medium-font-size\">In unserer Ferienwohnung im Dachgeschoss bieten wir:<\/p>\n\n\n\n<ul class=\"wp-block-list\">\n<li>2-4 Personen (1 Schlafzimmer und 1 Schlafcouch)<\/li>\n\n\n\n<li>80 m\u00b2<\/li>\n\n\n\n<li>kostenloser Parkplatz<\/li>\n\n\n\n<li>kostenlos W-LAN<\/li>\n\n\n\n<li>Senseo Kaffemaschine<\/li>\n\n\n\n<li>Toaster<\/li>\n\n\n\n<li>Mikrowelle<\/li>\n\n\n\n<li>Sp\u00fclmaschine<\/li>\n\n\n\n<li>K\u00fchlschrank mit kleinem Gefrierschrank<\/li>\n\n\n\n<li>Wasserkocher<\/li>\n\n\n\n<li>Radio<\/li>\n\n\n\n<li>Smart TV<\/li>\n\n\n\n<li>Haarf\u00f6n<\/li>\n\n\n\n<li>Bad mit Dusche,&nbsp;Badewanne &amp; WC<\/li>\n\n\n\n<li>Backrohr<\/li>\n\n\n\n<li>Bettw\u00e4sche, Hand-, Bade- sowie Geschirrt\u00fccher<\/li>\n\n\n\n<li>Sitzgelegenheit im Garten<\/li>\n\n\n\n<li>Nichtraucher<\/li>\n<\/ul>\n<\/div>\n\n\n\n<div class=\"wp-block-column is-layout-flow wp-block-column-is-layout-flow\">\n<h2 class=\"wp-block-heading\">Allgemeine Info<\/h2>\n\n\n\n<ul class=\"wp-block-list\">\n<li>Haustiere erlaubt (maximal 2 Hunde)<\/li>\n\n\n\n<li>Anreise ab 15:00 Uhr <\/li>\n\n\n\n<li>Abreise bis 09:30 Uhr<\/li>\n\n\n\n<li>Winterbergbahnen inklusive<\/li>\n\n\n\n<li>Sommerbergbahnen inklusive<\/li>\n<\/ul>\n\n\n\n<div style=\"height:84px\" aria-hidden=\"true\" class=\"wp-block-spacer\"><\/div>\n\n\n\n<div class=\"wp-block-columns is-layout-flex wp-container-core-columns-is-layout-9d6595d7 wp-block-columns-is-layout-flex\"><\/div>\n\n\n\n<div style=\"height:48px\" aria-hidden=\"true\" class=\"wp-block-spacer\"><\/div>\n<\/div>\n<\/div>\n\n\n\n<div style=\"height:36px\" aria-hidden=\"true\" class=\"wp-block-spacer\"><\/div>\n\n\n<div class=\"wp-block-image\">\n<figure class=\"aligncenter size-full is-resized\"><img loading=\"lazy\" decoding=\"async\" width=\"2357\" height=\"2195\" src=\"https:\/\/www.ferienwohnung-rief.at\/wp-content\/uploads\/2023\/09\/winterbergbahnen-ink_pfade-1.png\" alt=\"\" class=\"wp-image-278\" style=\"width:267px;height:248px\"\/><\/figure><\/div>\n\n\n<div style=\"height:68px\" aria-hidden=\"true\" class=\"wp-block-spacer\"><\/div>\n\n\n\n<h3 class=\"wp-block-heading has-text-align-center\"><strong>Winterbergbahnen inklusive<\/strong> 2026\/2027<\/h3>\n\n\n\n<div style=\"height:58px\" aria-hidden=\"true\" class=\"wp-block-spacer\"><\/div>\n\n\n\n<p class=\"has-text-align-center\">F\u00fcr alle G\u00e4ste, die einen Mindestaufenthalt von <strong>drei N\u00e4chten<\/strong> buchen, sind die <strong>Lifttickets<\/strong> bei den teilnehmenden Bergbahnen von <strong>Montag bis Donnerstag<\/strong> inklusive:<\/p>\n\n\n\n<p class=\"has-text-align-center\">vom 14. bis 17. Dezember 2026 <br>vom 11. bis 14. J\u00e4nner 2027<br>vom 18. bis 21. J\u00e4nner 2027<br>vom 25. bis 28. J\u00e4nner 2027<br>vom 15. bis 18. M\u00e4rz 2027<\/p>\n\n\n\n<p class=\"has-text-align-center\">Bitte beachten Sie, dass bei&nbsp;den <strong>Skiliften Schattwald und Z\u00f6blen&nbsp;<\/strong>dieses Angebot <strong>nur f\u00fcr Skifahrer<\/strong> und <strong>Snowboarder<\/strong> gilt, da Fu\u00dfg\u00e4nger nicht bef\u00f6rdert werden d\u00fcrfen.<\/p>\n\n\n\n<p class=\"has-text-align-center\"><strong>In Tannheim und Gr\u00e4n sind auch Winterwanderer herzlich Willkommen.<\/strong><\/p>\n\n\n\n<div style=\"height:23px\" aria-hidden=\"true\" class=\"wp-block-spacer\"><\/div>\n\n\n\n<p class=\"has-text-align-center\"><\/p>\n\n\n\n<p class=\"has-text-align-center\"><\/p>\n\n\n\n<div style=\"height:27px\" aria-hidden=\"true\" class=\"wp-block-spacer\"><\/div>\n\n\n<div class=\"wp-block-image\">\n<figure class=\"aligncenter size-full is-resized\"><img loading=\"lazy\" decoding=\"async\" width=\"540\" height=\"360\" src=\"http:\/\/www.ferienwohnung-rief.at\/wp-content\/uploads\/2024\/01\/csm_sommerbergbahnen-inklusive-tannheimer-tal-tirol_badbb4b7a2.jpg\" alt=\"\" class=\"wp-image-297\" style=\"width:441px;height:auto\"\/><\/figure><\/div>\n\n\n<div style=\"height:31px\" aria-hidden=\"true\" class=\"wp-block-spacer\"><\/div>\n\n\n\n<h3 class=\"wp-block-heading has-text-align-center\"><strong>Sommerbergbahnen inklusive<\/strong> <\/h3>\n\n\n\n<div style=\"height:58px\" aria-hidden=\"true\" class=\"wp-block-spacer\"><\/div>\n\n\n\n<p class=\"has-text-align-center\">W\u00e4hrend Ihres Aufenthalts im Tannheimer Tal k\u00f6nnen Sie die teilnehmenden&nbsp;Bergbahnen (Tannheim, Gr\u00e4n und Schattwald)&nbsp;einmal pro Tag (1x Berg- und\/oder&nbsp;Talfahrt) zu den jeweiligen Liftbetriebszeiten nutzen&nbsp;\u2013 und erhalten gleichzeitig noch jeden Tag zeitlich unbegrenzten Zugang zum Freibad in Haldensee.&nbsp;<\/p>\n\n\n\n<p class=\"has-text-align-center\"><strong>Und damit keine kostbare Urlaubszeit in der Warteschlange verloren geht, sind diese Tickets sofort freigeschaltet. Das hei\u00dft: Direkt zum Drehkreuz, rein in die Bahn und ab geht\u2019s nach oben!&nbsp;<\/strong><\/p>\n\n\n\n<div style=\"height:82px\" aria-hidden=\"true\" class=\"wp-block-spacer\"><\/div>\n\n\n\n<p class=\"has-text-align-center\" style=\"font-size:23px\"><strong>\u00d6ffnungszeiten der Bergbahnen und der Wasserwelt Haldensee<\/strong><\/p>\n\n\n\n<div style=\"height:27px\" aria-hidden=\"true\" class=\"wp-block-spacer\"><\/div>\n\n\n\n<p class=\"has-text-align-center\"><strong>Tannheimer Bergbahnen &#8211; Neunerk\u00f6pfle, 8er Gondelbahn<\/strong> <\/p>\n\n\n\n<p class=\"has-text-align-center\">01. Mai 2026 \u2013 08. November 2026&nbsp;<br>Liftbetriebszeit von 8:40 Uhr bis 16:00 Uhr, letzte Talfahrt 16:15 Uhr<\/p>\n\n\n\n<div style=\"height:6px\" aria-hidden=\"true\" class=\"wp-block-spacer\"><\/div>\n\n\n\n<p class=\"has-text-align-center\"><strong>Tannheimer Bergbahnen &#8211; Schattwald &#8211; Wannenjochbahn, 3er Sessellift<\/strong>        <\/p>\n\n\n\n<div style=\"height:5px\" aria-hidden=\"true\" class=\"wp-block-spacer\"><\/div>\n\n\n\n<p class=\"has-text-align-center\">14. Mai 2026 &#8211; 25. Oktober 2026<br>Liftbetriebszeit von 8:40 bis 16:15 Uhr, letzte Bergfahrt 16:00 Uhr<\/p>\n\n\n\n<div style=\"height:10px\" aria-hidden=\"true\" class=\"wp-block-spacer\"><\/div>\n\n\n\n<p class=\"has-text-align-center\"><strong>Gr\u00e4n &#8211; F\u00fcssener J\u00f6chle 8 Gondelbahn<\/strong><\/p>\n\n\n\n<p class=\"has-text-align-center\">23. Mai 2026 &#8211; 01. November 2026 <br>Liftbetriebszeiten von 8:45 &#8211; 16:30 Uhr<\/p>\n\n\n\n<div style=\"height:12px\" aria-hidden=\"true\" class=\"wp-block-spacer\"><\/div>\n\n\n\n<p class=\"has-text-align-center\"><strong>Freibad Wasserwelt Haldensee<\/strong><br>17. Mai 2026 &#8211; 06. September 2026<br>\u00d6ffnungszeiten von 10:00 bis 19:00 Uhr <\/p>\n\n\n\n<div style=\"height:2px\" aria-hidden=\"true\" class=\"wp-block-spacer\"><\/div>\n\n\n\n<p class=\"has-text-align-center\">\u00c4nderungen vorbehalten!<\/p>\n","protected":false},"excerpt":{"rendered":"<p>Ausstattung In unserer Ferienwohnung im Dachgeschoss bieten wir: Allgemeine Info Winterbergbahnen inklusive 2026\/2027 F\u00fcr alle G\u00e4ste, die einen Mindestaufenthalt von drei N\u00e4chten buchen, sind die Lifttickets bei den teilnehmenden Bergbahnen von Montag bis Donnerstag inklusive: vom 14. bis 17. Dezember 2026 vom 11. bis 14. J\u00e4nner 2027vom 18. bis 21. J\u00e4nner 2027vom 25. bis 28. J\u00e4nner 2027vom 15. bis 18. M\u00e4rz 2027 Bitte beachten Sie, dass bei&nbsp;den Skiliften Schattwald und Z\u00f6blen&nbsp;dieses Angebot nur f\u00fcr Skifahrer und Snowboarder gilt, da Fu\u00dfg\u00e4nger nicht bef\u00f6rdert werden d\u00fcrfen. In Tannheim und Gr\u00e4n sind auch Winterwanderer herzlich Willkommen. Sommerbergbahnen inklusive W\u00e4hrend Ihres Aufenthalts im Tannheimer Tal k\u00f6nnen Sie die teilnehmenden&nbsp;Bergbahnen (Tannheim, Gr\u00e4n und Schattwald)&nbsp;einmal pro Tag (1x Berg- und\/oder&nbsp;Talfahrt) zu den jeweiligen Liftbetriebszeiten nutzen&nbsp;\u2013 und erhalten gleichzeitig noch jeden Tag zeitlich unbegrenzten Zugang zum Freibad in Haldensee.&nbsp; Und damit keine kostbare Urlaubszeit in der Warteschlange verloren geht, sind diese Tickets sofort freigeschaltet. Das hei\u00dft: Direkt zum Drehkreuz, rein in die Bahn und ab geht\u2019s nach oben!&nbsp; \u00d6ffnungszeiten der Bergbahnen und der Wasserwelt Haldensee Tannheimer Bergbahnen &#8211; Neunerk\u00f6pfle, 8er Gondelbahn 01. Mai 2026 \u2013 08. November 2026&nbsp;Liftbetriebszeit von 8:40 Uhr bis 16:00 Uhr, letzte Talfahrt 16:15 Uhr Tannheimer Bergbahnen &#8211; Schattwald &#8211; Wannenjochbahn, 3er Sessellift 14. Mai 2026 &#8211; 25. Oktober 2026Liftbetriebszeit von 8:40 bis 16:15 Uhr, letzte Bergfahrt 16:00 Uhr Gr\u00e4n &#8211; F\u00fcssener J\u00f6chle 8 Gondelbahn 23. Mai 2026 &#8211; 01. November 2026 Liftbetriebszeiten von 8:45 &#8211; 16:30 Uhr Freibad Wasserwelt Haldensee17. Mai 2026 &#8211; 06. September 2026\u00d6ffnungszeiten von 10:00 bis 19:00 Uhr \u00c4nderungen vorbehalten!<\/p>\n","protected":false},"author":1,"featured_media":0,"parent":0,"menu_order":0,"comment_status":"closed","ping_status":"closed","template":"","meta":{"footnotes":""},"class_list":["post-8","page","type-page","status-publish","hentry"],"_links":{"self":[{"href":"https:\/\/www.ferienwohnung-rief.at\/index.php?rest_route=\/wp\/v2\/pages\/8","targetHints":{"allow":["GET"]}}],"collection":[{"href":"https:\/\/www.ferienwohnung-rief.at\/index.php?rest_route=\/wp\/v2\/pages"}],"about":[{"href":"https:\/\/www.ferienwohnung-rief.at\/index.php?rest_route=\/wp\/v2\/types\/page"}],"author":[{"embeddable":true,"href":"https:\/\/www.ferienwohnung-rief.at\/index.php?rest_route=\/wp\/v2\/users\/1"}],"replies":[{"embeddable":true,"href":"https:\/\/www.ferienwohnung-rief.at\/index.php?rest_route=%2Fwp%2Fv2%2Fcomments&post=8"}],"version-history":[{"count":88,"href":"https:\/\/www.ferienwohnung-rief.at\/index.php?rest_route=\/wp\/v2\/pages\/8\/revisions"}],"predecessor-version":[{"id":625,"href":"https:\/\/www.ferienwohnung-rief.at\/index.php?rest_route=\/wp\/v2\/pages\/8\/revisions\/625"}],"wp:attachment":[{"href":"https:\/\/www.ferienwohnung-rief.at\/index.php?rest_route=%2Fwp%2Fv2%2Fmedia&parent=8"}],"curies":[{"name":"wp","href":"https:\/\/api.w.org\/{rel}","templated":true}]}}